{"id":30820,"date":"2021-08-26T12:26:53","date_gmt":"2021-08-26T10:26:53","guid":{"rendered":"https:\/\/shop.nkolimpija.si\/wishlist\/"},"modified":"2025-11-25T15:21:22","modified_gmt":"2025-11-25T14:21:22","slug":"wishlist","status":"publish","type":"page","link":"https:\/\/shop.nkolimpija.si\/en\/wishlist\/","title":{"rendered":"Wishlist"},"content":{"rendered":"\t\t\n\t\t\n\n\t\t\t\t<div class=\"\" >\n\t\t\t\t\t\t<div class=\"wd-wishlist-content\">\n\t\t\t\t\t\t\t\t\t\t\t\n\t\t<p class=\"wd-empty-wishlist wd-empty-page\">\n\t\t\tThis wishlist is empty.\t\t<\/p>\n\n\t\t\t\t\t<div class=\"wd-empty-page-text\">\n\t\t\t\tTvoj seznam \u017eelja je trenutno prazen. Veliko zanimivih izdelkov bo\u0161 na\u0161la na na\u0161i strani \u00bbTrgovina\u00ab.\t\t\t<\/div>\n\t\t\n\t\t\n\t\t\t\t\t<p class=\"return-to-shop\">\n\t\t\t\t<a class=\"button\" href=\"https:\/\/shop.nkolimpija.si\/en\/shop\/\">\n\t\t\t\t\tReturn to shop\t\t\t\t<\/a>\n\t\t\t<\/p>\n\t\t\t\t\t\t\t\t\t\t\t<\/div>\n\t\t\t\t<\/div>\n\t\t\n","protected":false},"excerpt":{"rendered":"","protected":false},"author":1,"featured_media":0,"parent":0,"menu_order":0,"comment_status":"closed","ping_status":"closed","template":"","meta":{"om_disable_all_campaigns":false,"pagelayer_contact_templates":[],"_pagelayer_content":"","_monsterinsights_skip_tracking":false,"_monsterinsights_sitenote_active":false,"_monsterinsights_sitenote_note":"","_monsterinsights_sitenote_category":0,"footnotes":""},"class_list":["post-30820","page","type-page","status-publish","hentry"],"aioseo_notices":[],"_links":{"self":[{"href":"https:\/\/shop.nkolimpija.si\/en\/wp-json\/wp\/v2\/pages\/30820","targetHints":{"allow":["GET"]}}],"collection":[{"href":"https:\/\/shop.nkolimpija.si\/en\/wp-json\/wp\/v2\/pages"}],"about":[{"href":"https:\/\/shop.nkolimpija.si\/en\/wp-json\/wp\/v2\/types\/page"}],"author":[{"embeddable":true,"href":"https:\/\/shop.nkolimpija.si\/en\/wp-json\/wp\/v2\/users\/1"}],"replies":[{"embeddable":true,"href":"https:\/\/shop.nkolimpija.si\/en\/wp-json\/wp\/v2\/comments?post=30820"}],"version-history":[{"count":6,"href":"https:\/\/shop.nkolimpija.si\/en\/wp-json\/wp\/v2\/pages\/30820\/revisions"}],"predecessor-version":[{"id":35039,"href":"https:\/\/shop.nkolimpija.si\/en\/wp-json\/wp\/v2\/pages\/30820\/revisions\/35039"}],"wp:attachment":[{"href":"https:\/\/shop.nkolimpija.si\/en\/wp-json\/wp\/v2\/media?parent=30820"}],"curies":[{"name":"wp","href":"https:\/\/api.w.org\/{rel}","templated":true}]}}