{"id":36473,"date":"2026-01-07T12:35:41","date_gmt":"2026-01-07T11:35:41","guid":{"rendered":"https:\/\/shop.nkolimpija.si\/izdelek\/childrens-champions-2024-25-t-shirt\/"},"modified":"2026-02-03T20:27:53","modified_gmt":"2026-02-03T19:27:53","slug":"childrens-champions-2024-25-t-shirt","status":"publish","type":"product","link":"https:\/\/shop.nkolimpija.si\/en\/izdelek\/childrens-champions-2024-25-t-shirt\/","title":{"rendered":"Children&#8217;s Champions 2024\/25 T-shirt"},"content":{"rendered":"\t\t<div data-elementor-type=\"wp-post\" data-elementor-id=\"36473\" class=\"elementor elementor-36473 elementor-36467\" data-elementor-post-type=\"product\">\n\t\t\t\t<div class=\"wd-negative-gap elementor-element elementor-element-9c02350 wd-section-stretch opacity-video-bg e-flex e-con-boxed e-con e-parent\" data-id=\"9c02350\" data-element_type=\"container\" data-settings=\"{&quot;background_background&quot;:&quot;video&quot;,&quot;background_video_link&quot;:&quot;https:\\\/\\\/www.youtube.com\\\/watch?v=unegqBhGlkk&quot;,&quot;background_play_on_mobile&quot;:&quot;yes&quot;}\">\n\t\t\t\t\t<div class=\"e-con-inner\">\n\t\t<div class=\"elementor-background-video-container\">\n\t\t\t\t\t\t\t<div class=\"elementor-background-video-embed\" role=\"presentation\"><\/div>\n\t\t\t\t\t\t<\/div><div class=\"elementor-element elementor-element-b7155e6 e-con-full e-flex e-con e-child\" data-id=\"b7155e6\" data-element_type=\"container\" data-settings=\"{&quot;background_background&quot;:&quot;classic&quot;}\">\n\t\t\t\t<div class=\"elementor-element elementor-element-5f44517 wd-width-100 elementor-widget elementor-widget-wd_title\" data-id=\"5f44517\" data-element_type=\"widget\" data-widget_type=\"wd_title.default\">\n\t\t\t\t<div class=\"elementor-widget-container\">\n\t\t\t\t\t\t\t<div class=\"title-wrapper wd-set-mb reset-last-child wd-title-color-white wd-title-style-simple wd-title-size-extra-large text-center\">\n\n\t\t\t\t\t\t\t\t\t\t\t<div class=\"title-subtitle subtitle-color-white subtitle-style-default wd-fontsize-m\">\n\t\t\t\t\tOFFICIAL NK OLIMPIJA PRODUCTS\t\t\t\t<\/div>\n\t\t\t\n\t\t\t<div class=\"liner-continer\">\n\t\t\t\t<h4 class=\"woodmart-title-container title wd-fontsize-xxxl\">MEN'S AWAY JERSEY<\/h4> \n\t\t\t\t\t\t\t<\/div>\n\n\t\t\t\t\t\t\t<div class=\"title-after_title reset-last-child wd-fontsize-s\">\n\t\t\t\t\t<p>The Olimpija Away Jersey combines innovative design with top-quality materials to ensure maximum comfort and breathability during every match. Featuring the club\u2019s distinctive colours and symbols, it allows players and fans to proudly represent their team beyond their home stadium. Crafted from lightweight, quick-drying fabric, the jersey is ideal for both competitive play and passionate fan support. A perfect expression of loyalty, pride and the green-and-white spirit.  <\/p>\t\t\t\t<\/div>\n\t\t\t\t\t<\/div>\n\t\t\t\t\t\t<\/div>\n\t\t\t\t<\/div>\n\t\t<div class=\"wd-negative-gap elementor-element elementor-element-8e1df9d e-flex e-con-boxed e-con e-child\" data-id=\"8e1df9d\" data-element_type=\"container\">\n\t\t\t\t\t<div class=\"e-con-inner\">\n\t\t\t\t<div class=\"elementor-element elementor-element-4153015 elementor-widget__width-auto elementor-widget elementor-widget-wd_button\" data-id=\"4153015\" data-element_type=\"widget\" data-widget_type=\"wd_button.default\">\n\t\t\t\t<div class=\"elementor-widget-container\">\n\t\t\t\t\t\t\t<div class=\"wd-button-wrapper text-center\" >\n\t\t\t<a class=\"btn btn-style-default btn-shape-semi-round btn-size-large btn-color-primary btn-icon-pos-right\"  href=\"#\">\n\t\t\t\t<span class=\"wd-btn-text\" data-elementor-setting-key=\"text\">\n\t\t\t\t\tBUY NOW\t\t\t\t<\/span>\n\n\t\t\t\t\t\t\t<\/a>\n\t\t<\/div>\n\t\t\t\t\t\t<\/div>\n\t\t\t\t<\/div>\n\t\t\t\t<div class=\"elementor-element elementor-element-c2f82bb elementor-widget__width-auto elementor-widget elementor-widget-wd_button\" data-id=\"c2f82bb\" data-element_type=\"widget\" data-widget_type=\"wd_button.default\">\n\t\t\t\t<div class=\"elementor-widget-container\">\n\t\t\t\t\t\t\t<div class=\"wd-button-wrapper text-center\" >\n\t\t\t<a class=\"btn btn-style-default btn-shape-semi-round btn-size-large btn-color-white btn-icon-pos-right\"  href=\"#\">\n\t\t\t\t<span class=\"wd-btn-text\" data-elementor-setting-key=\"text\">\n\t\t\t\t\tPERSONALIZE\t\t\t\t<\/span>\n\n\t\t\t\t\t\t\t<\/a>\n\t\t<\/div>\n\t\t\t\t\t\t<\/div>\n\t\t\t\t<\/div>\n\t\t\t\t\t<\/div>\n\t\t\t\t<\/div>\n\t\t\t\t<\/div>\n\t\t\t\t\t<\/div>\n\t\t\t\t<\/div>\n\t\t<div class=\"wd-negative-gap elementor-element elementor-element-916b037 e-flex e-con-boxed e-con e-parent\" data-id=\"916b037\" data-element_type=\"container\">\n\t\t\t\t\t<div class=\"e-con-inner\">\n\t\t<div class=\"elementor-element elementor-element-53bab98 e-con-full e-flex e-con e-child\" data-id=\"53bab98\" data-element_type=\"container\">\n\t\t\t\t<div class=\"elementor-element elementor-element-e350ce4 elementor-widget elementor-widget-wd_3d_view\" data-id=\"e350ce4\" data-element_type=\"widget\" data-widget_type=\"wd_3d_view.default\">\n\t\t\t\t<div class=\"elementor-widget-container\">\n\t\t\t\t\t\t\t<div class=\"wd-threed-view\" data-args='{\"frames_count\":8,\"images\":[\"https:\\\/\\\/shop.nkolimpija.si\\\/wp-content\\\/uploads\\\/2025\\\/10\\\/DSC02547-copy-640x800.jpg\",\"https:\\\/\\\/shop.nkolimpija.si\\\/wp-content\\\/uploads\\\/2025\\\/10\\\/DSC02546-copy-640x800.jpg\",\"https:\\\/\\\/shop.nkolimpija.si\\\/wp-content\\\/uploads\\\/2025\\\/10\\\/DSC02545-copy-640x800.jpg\",\"https:\\\/\\\/shop.nkolimpija.si\\\/wp-content\\\/uploads\\\/2025\\\/10\\\/DSC02543-copy-640x800.jpg\",\"https:\\\/\\\/shop.nkolimpija.si\\\/wp-content\\\/uploads\\\/2025\\\/10\\\/DSC02540-copy-640x800.jpg\",\"https:\\\/\\\/shop.nkolimpija.si\\\/wp-content\\\/uploads\\\/2025\\\/10\\\/DSC02539-copy-640x800.jpg\",\"https:\\\/\\\/shop.nkolimpija.si\\\/wp-content\\\/uploads\\\/2025\\\/10\\\/DSC02538-copy-640x800.jpg\",\"https:\\\/\\\/shop.nkolimpija.si\\\/wp-content\\\/uploads\\\/2025\\\/10\\\/DSC02537-copy-640x800.jpg\"],\"width\":640,\"height\":800}'>\n\t\t\t<ul class=\"threed-view-images\"><\/ul>\n\t\t\t<div class=\"spinner\">\n\t\t\t\t<span>0%<\/span>\n\t\t\t<\/div>\n\t\t<\/div>\n\t\t\t\t\t\t<\/div>\n\t\t\t\t<\/div>\n\t\t\t\t<\/div>\n\t\t<div class=\"elementor-element elementor-element-771f478 text-center e-con-full e-flex e-con e-child\" data-id=\"771f478\" data-element_type=\"container\">\n\t\t\t\t<div class=\"elementor-element elementor-element-128142a elementor-hidden-tablet elementor-hidden-mobile elementor-widget elementor-widget-wd_text_block\" data-id=\"128142a\" data-element_type=\"widget\" data-widget_type=\"wd_text_block.default\">\n\t\t\t\t<div class=\"elementor-widget-container\">\n\t\t\t\t\t\t\t<div class=\"wd-text-block reset-last-child text-center\">\n\t\t\t\n\t\t\t<p>OFFICIAL NK OLIMPIJA PRODUCTS<\/p>\n\t\t\t\t\t<\/div>\n\t\t\t\t\t\t<\/div>\n\t\t\t\t<\/div>\n\t\t\t\t<div class=\"elementor-element elementor-element-2d4e6b7 wd-width-100 elementor-widget elementor-widget-wd_title\" data-id=\"2d4e6b7\" data-element_type=\"widget\" data-widget_type=\"wd_title.default\">\n\t\t\t\t<div class=\"elementor-widget-container\">\n\t\t\t\t\t\t\t<div class=\"title-wrapper wd-set-mb reset-last-child wd-title-color-default wd-title-style-default wd-title-size-extra-large text-center\">\n\n\t\t\t\n\t\t\t<div class=\"liner-continer\">\n\t\t\t\t<h4 class=\"woodmart-title-container title wd-fontsize-xxxl\">Official NK Olimpija jerseys<\/h4> \n\t\t\t\t\t\t\t<\/div>\n\n\t\t\t\t\t\t\t<div class=\"title-after_title reset-last-child wd-fontsize-s\">\n\t\t\t\t\t<p>On your chest you proudly wear the crest of NK Olimpija - a symbol of tradition, fighting spirit and unwavering loyalty. When you put on this jersey, you are not just a fan - you become part of a story written by generations of players and fans. Let the season begin in style, with the energy and heart of a true dragon.  <br><strong>Put on a jersey. Play with your heart. Live for Olimpija.  <\/strong><\/p>\t\t\t\t<\/div>\n\t\t\t\t\t<\/div>\n\t\t\t\t\t\t<\/div>\n\t\t\t\t<\/div>\n\t\t<div class=\"wd-negative-gap elementor-element elementor-element-e1043cf e-flex e-con-boxed e-con e-child\" data-id=\"e1043cf\" data-element_type=\"container\">\n\t\t\t\t\t<div class=\"e-con-inner\">\n\t\t\t\t<div class=\"elementor-element elementor-element-81963bb elementor-widget__width-auto elementor-widget elementor-widget-wd_button\" data-id=\"81963bb\" data-element_type=\"widget\" data-widget_type=\"wd_button.default\">\n\t\t\t\t<div class=\"elementor-widget-container\">\n\t\t\t\t\t\t\t<div class=\"wd-button-wrapper text-center\" >\n\t\t\t<a class=\"btn btn-style-default btn-shape-semi-round btn-size-large btn-color-primary btn-icon-pos-right\"  href=\"#\">\n\t\t\t\t<span class=\"wd-btn-text\" data-elementor-setting-key=\"text\">\n\t\t\t\t\tOrder now\t\t\t\t<\/span>\n\n\t\t\t\t\t\t\t<\/a>\n\t\t<\/div>\n\t\t\t\t\t\t<\/div>\n\t\t\t\t<\/div>\n\t\t\t\t\t<\/div>\n\t\t\t\t<\/div>\n\t\t\t\t<\/div>\n\t\t\t\t\t<\/div>\n\t\t\t\t<\/div>\n\t\t<div class=\"wd-negative-gap elementor-element elementor-element-1d41626a wd-section-stretch e-flex e-con-boxed e-con e-parent\" data-id=\"1d41626a\" data-element_type=\"container\" data-settings=\"{&quot;background_background&quot;:&quot;classic&quot;}\">\n\t\t\t\t\t<div class=\"e-con-inner\">\n\t\t<div class=\"elementor-element elementor-element-7f3d4c48 text-center e-con-full e-flex e-con e-child\" data-id=\"7f3d4c48\" data-element_type=\"container\">\n\t\t\t\t<div class=\"elementor-element elementor-element-7328add4 elementor-hidden-tablet elementor-hidden-mobile elementor-widget elementor-widget-wd_text_block\" data-id=\"7328add4\" data-element_type=\"widget\" data-widget_type=\"wd_text_block.default\">\n\t\t\t\t<div class=\"elementor-widget-container\">\n\t\t\t\t\t\t\t<div class=\"wd-text-block reset-last-child text-center\">\n\t\t\t\n\t\t\t<p>Official products of NK Olimpija<\/p>\n\t\t\t\t\t<\/div>\n\t\t\t\t\t\t<\/div>\n\t\t\t\t<\/div>\n\t\t\t\t<div class=\"elementor-element elementor-element-3c86fe22 wd-width-100 elementor-widget elementor-widget-global elementor-global-30225 elementor-widget-wd_title\" data-id=\"3c86fe22\" data-element_type=\"widget\" data-widget_type=\"wd_title.default\">\n\t\t\t\t<div class=\"elementor-widget-container\">\n\t\t\t\t\t\t\t<div class=\"title-wrapper wd-set-mb reset-last-child wd-title-color-default wd-title-style-default wd-title-size-extra-large text-center\">\n\n\t\t\t\n\t\t\t<div class=\"liner-continer\">\n\t\t\t\t<h4 class=\"woodmart-title-container title wd-fontsize-xxxl\">Mogo\u010de vam bodo v\u0161e\u010d tudi<\/h4> \n\t\t\t\t\t\t\t<\/div>\n\n\t\t\t\t\t\t\t<div class=\"title-after_title reset-last-child wd-fontsize-s\">\n\t\t\t\t\t<p>Morda vam bodo v\u0161e\u010d tudi ti izdelki iz na\u0161e ponudbe \u2013 dopolnite svojo navija\u0161ko opremo in poka\u017eite pravo strast do Zmajev!<\/p>\t\t\t\t<\/div>\n\t\t\t\t\t<\/div>\n\t\t\t\t\t\t<\/div>\n\t\t\t\t<\/div>\n\t\t\t\t<div class=\"elementor-element elementor-element-3597f633 wd-width-100 wd-nav-accordion-mb-on elementor-widget elementor-widget-wd_product_categories\" data-id=\"3597f633\" data-element_type=\"widget\" data-widget_type=\"wd_product_categories.default\">\n\t\t\t\t<div class=\"elementor-widget-container\">\n\t\t\t\t\t\t\t\t\t\t\t\t\t\t\n\t\t\t\t<div class=\"wd-cats products columns-3 wd-cats-element wd-carousel-container\" id=\"carousel-69e06204ac317\">\n\t\t\t\t\t<div class=\"wd-carousel-inner\">\n\t\t\t\t\t\t<div class=\"wd-carousel wd-grid\" data-scroll_per_page=\"yes\" style=\"--wd-col-lg:3;--wd-col-md:3;--wd-col-sm:2;--wd-gap:30px;\">\n\t\t\t\t\t\t\t<div class=\"wd-carousel-wrap\">\n\t\t\t\t\t\t\t\t\t\t\t\t\t\t\t\t\t<div class=\"wd-carousel-item\">\n\t\t\t\t\t\t\t\t\t\t\n<div class=\"category-grid-item wd-cat cat-design-default categories-with-shadow without-product-count wd-with-subcat product-category product first\" data-loop=\"1\">\n\t\n\t<div class=\"wd-cat-inner wrapp-category\">\n\t\t<div class=\"wd-cat-thumb category-image-wrapp\">\n\t\t\t<a class=\"wd-cat-image category-image\" href=\"https:\/\/shop.nkolimpija.si\/en\/category\/jerseys-childrens\/\" aria-label=\"Children&#039;s jerseys\">\n\t\t\t\t\n\t\t\t\t<img loading=\"lazy\" decoding=\"async\" width=\"444\" height=\"669\" src=\"https:\/\/shop.nkolimpija.si\/wp-content\/uploads\/2025\/10\/NK_Olimpija_Shop-Otroski-Dres-Zeleno_bel-4-444x669.jpg\" class=\"attachment-444x669 size-444x669\" alt=\"\" \/>\t\t\t<\/a>\n\t\t<\/div>\n\t\t<div class=\"wd-cat-content hover-mask\">\n\t\t\t<h3 class=\"wd-entities-title\">\n\t\t\t\tChildren&#039;s jerseys\t\t\t<\/h3>\n\n\t\t\t\n\t\t\t\t\t<\/div>\n\n\t\t\t\t<a class=\"wd-fill category-link\" href=\"https:\/\/shop.nkolimpija.si\/en\/category\/jerseys-childrens\/\" aria-label=\"Product category jerseys-childrens\"><\/a>\n\t\t\t<\/div>\n\n\t<\/div>\n\t\t\t\t\t\t\t\t\t<\/div>\n\t\t\t\t\t\t\t\t\t\t\t\t\t\t\t\t\t<div class=\"wd-carousel-item\">\n\t\t\t\t\t\t\t\t\t\t\n<div class=\"category-grid-item wd-cat cat-design-default categories-with-shadow without-product-count wd-with-subcat product-category product\" data-loop=\"2\">\n\t\n\t<div class=\"wd-cat-inner wrapp-category\">\n\t\t<div class=\"wd-cat-thumb category-image-wrapp\">\n\t\t\t<a class=\"wd-cat-image category-image\" href=\"https:\/\/shop.nkolimpija.si\/en\/category\/shorts\/\" aria-label=\"Shorts\">\n\t\t\t\t\n\t\t\t\t<img loading=\"lazy\" decoding=\"async\" width=\"444\" height=\"669\" src=\"https:\/\/shop.nkolimpija.si\/wp-content\/uploads\/2025\/08\/NK_Olimpija_05803_250626_VID-444x669.jpg\" class=\"attachment-444x669 size-444x669\" alt=\"\" \/>\t\t\t<\/a>\n\t\t<\/div>\n\t\t<div class=\"wd-cat-content hover-mask\">\n\t\t\t<h3 class=\"wd-entities-title\">\n\t\t\t\tShorts\t\t\t<\/h3>\n\n\t\t\t\n\t\t\t\t\t<\/div>\n\n\t\t\t\t<a class=\"wd-fill category-link\" href=\"https:\/\/shop.nkolimpija.si\/en\/category\/shorts\/\" aria-label=\"Product category shorts\"><\/a>\n\t\t\t<\/div>\n\n\t<\/div>\n\t\t\t\t\t\t\t\t\t<\/div>\n\t\t\t\t\t\t\t\t\t\t\t\t\t\t\t\t\t<div class=\"wd-carousel-item\">\n\t\t\t\t\t\t\t\t\t\t\n<div class=\"category-grid-item wd-cat cat-design-default categories-with-shadow without-product-count wd-with-subcat product-category product\" data-loop=\"3\">\n\t\n\t<div class=\"wd-cat-inner wrapp-category\">\n\t\t<div class=\"wd-cat-thumb category-image-wrapp\">\n\t\t\t<a class=\"wd-cat-image category-image\" href=\"https:\/\/shop.nkolimpija.si\/en\/category\/accessories\/\" aria-label=\"Accessories\">\n\t\t\t\t\n\t\t\t\t<img loading=\"lazy\" decoding=\"async\" width=\"444\" height=\"669\" src=\"https:\/\/shop.nkolimpija.si\/wp-content\/uploads\/2025\/12\/koledar-3-444x669.png\" class=\"attachment-444x669 size-444x669\" alt=\"\" \/>\t\t\t<\/a>\n\t\t<\/div>\n\t\t<div class=\"wd-cat-content hover-mask\">\n\t\t\t<h3 class=\"wd-entities-title\">\n\t\t\t\tAccessories\t\t\t<\/h3>\n\n\t\t\t\n\t\t\t\t\t<\/div>\n\n\t\t\t\t<a class=\"wd-fill category-link\" href=\"https:\/\/shop.nkolimpija.si\/en\/category\/accessories\/\" aria-label=\"Product category accessories\"><\/a>\n\t\t\t<\/div>\n\n\t<\/div>\n\t\t\t\t\t\t\t\t\t<\/div>\n\t\t\t\t\t\t\t\t\t\t\t\t\t\t\t\t\t<div class=\"wd-carousel-item\">\n\t\t\t\t\t\t\t\t\t\t\n<div class=\"category-grid-item wd-cat cat-design-default categories-with-shadow without-product-count wd-with-subcat product-category product last\" data-loop=\"4\">\n\t\n\t<div class=\"wd-cat-inner wrapp-category\">\n\t\t<div class=\"wd-cat-thumb category-image-wrapp\">\n\t\t\t<a class=\"wd-cat-image category-image\" href=\"https:\/\/shop.nkolimpija.si\/en\/category\/accessories\/fan-scarves\/\" aria-label=\"Fan scarves\">\n\t\t\t\t\n\t\t\t\t<img loading=\"lazy\" decoding=\"async\" width=\"444\" height=\"669\" src=\"https:\/\/shop.nkolimpija.si\/wp-content\/uploads\/2025\/10\/NK_Olimpija_Shop-sal-Crn-1-444x669.jpg\" class=\"attachment-444x669 size-444x669\" alt=\"\" \/>\t\t\t<\/a>\n\t\t<\/div>\n\t\t<div class=\"wd-cat-content hover-mask\">\n\t\t\t<h3 class=\"wd-entities-title\">\n\t\t\t\tFan scarves\t\t\t<\/h3>\n\n\t\t\t\n\t\t\t\t\t<\/div>\n\n\t\t\t\t<a class=\"wd-fill category-link\" href=\"https:\/\/shop.nkolimpija.si\/en\/category\/accessories\/fan-scarves\/\" aria-label=\"Product category fan-scarves\"><\/a>\n\t\t\t<\/div>\n\n\t<\/div>\n\t\t\t\t\t\t\t\t\t<\/div>\n\t\t\t\t\t\t\t\t\t\t\t\t\t\t\t<\/div>\n\t\t\t\t\t\t<\/div>\n\n\t\t\t\t\t\t\t\t\t\t\t\t\t\t\t<div class=\"wd-nav-arrows wd-pos-sep wd-icon-1\">\n\t\t\t<div class=\"wd-btn-arrow wd-prev wd-disabled\">\n\t\t\t\t<div class=\"wd-arrow-inner\"><\/div>\n\t\t\t<\/div>\n\t\t\t<div class=\"wd-btn-arrow wd-next\">\n\t\t\t\t<div class=\"wd-arrow-inner\"><\/div>\n\t\t\t<\/div>\n\t\t<\/div>\n\t\t\t\t\t\t\t\t\t\t\t\t\t<\/div>\n\n\t\t\t\t\t\t\t<div class=\"wd-nav-pagin-wrap text-center wd-style-shape wd-hide-md-sm wd-hide-sm\">\n\t\t\t<ul class=\"wd-nav-pagin\"><\/ul>\n\t\t<\/div>\n\t\t\t\t\t\t\t\t\t\t\t<\/div>\n\t\t\t\t\t\t\t\t\t\t\t<\/div>\n\t\t\t\t<\/div>\n\t\t\t\t<\/div>\n\t\t\t\t\t<\/div>\n\t\t\t\t<\/div>\n\t\t<div class=\"elementor-element elementor-element-66ed0eba wd-section-stretch-content e-flex e-con-boxed e-con e-parent\" data-id=\"66ed0eba\" data-element_type=\"container\">\n\t\t\t\t\t<div class=\"e-con-inner\">\n\t\t<div class=\"elementor-element elementor-element-1bffeec8 e-con-full e-flex e-con e-child\" data-id=\"1bffeec8\" data-element_type=\"container\">\n\t\t\t\t<div class=\"elementor-element elementor-element-68514cbb wd-width-100 elementor-widget elementor-widget-wd_images_gallery\" data-id=\"68514cbb\" data-element_type=\"widget\" data-widget_type=\"wd_images_gallery.default\">\n\t\t\t\t<div class=\"elementor-widget-container\">\n\t\t\t\t\t\t\t<div class=\"wd-images-gallery photoswipe-images wd-carousel-container\" style=\"--wd-align-items:center; --wd-justify-content:center;\">\n\t\t\t\t\t\t\t<div class=\"wd-carousel-inner\">\n\t\t\t\t\t\t<div class=\"wd-carousel wd-grid\" data-scroll_per_page=\"yes\" style=\"--wd-col-lg:3;--wd-col-md:2;--wd-col-sm:1;--wd-gap-lg:10px;\">\n\t\t\t\t\t\t\t\t\t<div class=\"wd-carousel-wrap\">\n\t\t\t\t\t\t\t\t\t\t\t\t\t\t\t\t\t\t<div class=\"wd-gallery-item wd-carousel-item\">\n\t\t\t\t\t\t\t\t\t\t\t\t\t<a  href=\"https:\/\/shop.nkolimpija.si\/wp-content\/uploads\/2025\/10\/NK_Olimpija_05549_250626_VID-1.jpg\" data-width=\"850\" data-height=\"567\" data-index=\"1\" data-elementor-open-lightbox=\"no\">\n\t\t\t\t\t\t\n\t\t\t\t\t\t<img loading=\"lazy\" decoding=\"async\" width=\"850\" height=\"567\" src=\"https:\/\/shop.nkolimpija.si\/wp-content\/uploads\/2025\/10\/NK_Olimpija_05549_250626_VID-1.jpg\" class=\"attachment-full size-full\" alt=\"Dimitar Mitrovski of Olimpija, Jost Urbancic of Olimpija and Alex Matthias Tamm of Olimpija presenting new jerseys of NK Olimpija Ljubljana for season 2025\/26, on June 26, 2025 in SRC Stozice, Ljubljana, Slovenia. Photo by Vid Ponikvar \/ Sportida\" srcset=\"https:\/\/shop.nkolimpija.si\/wp-content\/uploads\/2025\/10\/NK_Olimpija_05549_250626_VID-1.jpg 850w, https:\/\/shop.nkolimpija.si\/wp-content\/uploads\/2025\/10\/NK_Olimpija_05549_250626_VID-1-430x287.jpg 430w, https:\/\/shop.nkolimpija.si\/wp-content\/uploads\/2025\/10\/NK_Olimpija_05549_250626_VID-1-250x167.jpg 250w, https:\/\/shop.nkolimpija.si\/wp-content\/uploads\/2025\/10\/NK_Olimpija_05549_250626_VID-1-700x467.jpg 700w, https:\/\/shop.nkolimpija.si\/wp-content\/uploads\/2025\/10\/NK_Olimpija_05549_250626_VID-1-400x267.jpg 400w, https:\/\/shop.nkolimpija.si\/wp-content\/uploads\/2025\/10\/NK_Olimpija_05549_250626_VID-1-768x512.jpg 768w\" sizes=\"auto, (max-width: 850px) 100vw, 850px\" \/>\n\t\t\t\t\t\t\t\t\t\t\t\t\t<\/a>\n\t\t\t\t\t\t\t\t\t\t\t<\/div>\n\t\t\t\t\t\t\t\t\t\t\t\t\t\t\t<div class=\"wd-gallery-item wd-carousel-item\">\n\t\t\t\t\t\t\t\t\t\t\t\t\t<a  href=\"https:\/\/shop.nkolimpija.si\/wp-content\/uploads\/2025\/10\/NK_Olimpija_05735_250626_VID-1.jpg\" data-width=\"850\" data-height=\"566\" data-index=\"2\" data-elementor-open-lightbox=\"no\">\n\t\t\t\t\t\t\n\t\t\t\t\t\t<img loading=\"lazy\" decoding=\"async\" width=\"850\" height=\"566\" src=\"https:\/\/shop.nkolimpija.si\/wp-content\/uploads\/2025\/10\/NK_Olimpija_05735_250626_VID-1.jpg\" class=\"attachment-full size-full\" alt=\"Jost Urbancic of Olimpija presenting new jerseys of NK Olimpija Ljubljana for season 2025\/26, on June 26, 2025 in SRC Stozice, Ljubljana, Slovenia. Photo by Vid Ponikvar \/ Sportida\" srcset=\"https:\/\/shop.nkolimpija.si\/wp-content\/uploads\/2025\/10\/NK_Olimpija_05735_250626_VID-1.jpg 850w, https:\/\/shop.nkolimpija.si\/wp-content\/uploads\/2025\/10\/NK_Olimpija_05735_250626_VID-1-430x286.jpg 430w, https:\/\/shop.nkolimpija.si\/wp-content\/uploads\/2025\/10\/NK_Olimpija_05735_250626_VID-1-250x166.jpg 250w, https:\/\/shop.nkolimpija.si\/wp-content\/uploads\/2025\/10\/NK_Olimpija_05735_250626_VID-1-700x466.jpg 700w, https:\/\/shop.nkolimpija.si\/wp-content\/uploads\/2025\/10\/NK_Olimpija_05735_250626_VID-1-400x266.jpg 400w, https:\/\/shop.nkolimpija.si\/wp-content\/uploads\/2025\/10\/NK_Olimpija_05735_250626_VID-1-768x511.jpg 768w\" sizes=\"auto, (max-width: 850px) 100vw, 850px\" \/>\n\t\t\t\t\t\t\t\t\t\t\t\t\t<\/a>\n\t\t\t\t\t\t\t\t\t\t\t<\/div>\n\t\t\t\t\t\t\t\t\t\t\t\t\t\t\t<div class=\"wd-gallery-item wd-carousel-item\">\n\t\t\t\t\t\t\t\t\t\t\t\t\t<a  href=\"https:\/\/shop.nkolimpija.si\/wp-content\/uploads\/2025\/10\/NK_Olimpija_05569_250626_VID-1.jpg\" data-width=\"850\" data-height=\"558\" data-index=\"3\" data-elementor-open-lightbox=\"no\">\n\t\t\t\t\t\t\n\t\t\t\t\t\t<img loading=\"lazy\" decoding=\"async\" width=\"850\" height=\"558\" src=\"https:\/\/shop.nkolimpija.si\/wp-content\/uploads\/2025\/10\/NK_Olimpija_05569_250626_VID-1.jpg\" class=\"attachment-full size-full\" alt=\"Dimitar Mitrovski of Olimpija, Jost Urbancic of Olimpija and Alex Matthias Tamm of Olimpija presenting new jerseys of NK Olimpija Ljubljana for season 2025\/26, on June 26, 2025 in SRC Stozice, Ljubljana, Slovenia. Photo by Vid Ponikvar \/ Sportida\" srcset=\"https:\/\/shop.nkolimpija.si\/wp-content\/uploads\/2025\/10\/NK_Olimpija_05569_250626_VID-1.jpg 850w, https:\/\/shop.nkolimpija.si\/wp-content\/uploads\/2025\/10\/NK_Olimpija_05569_250626_VID-1-430x282.jpg 430w, https:\/\/shop.nkolimpija.si\/wp-content\/uploads\/2025\/10\/NK_Olimpija_05569_250626_VID-1-250x164.jpg 250w, https:\/\/shop.nkolimpija.si\/wp-content\/uploads\/2025\/10\/NK_Olimpija_05569_250626_VID-1-700x460.jpg 700w, https:\/\/shop.nkolimpija.si\/wp-content\/uploads\/2025\/10\/NK_Olimpija_05569_250626_VID-1-400x263.jpg 400w, https:\/\/shop.nkolimpija.si\/wp-content\/uploads\/2025\/10\/NK_Olimpija_05569_250626_VID-1-768x504.jpg 768w\" sizes=\"auto, (max-width: 850px) 100vw, 850px\" \/>\n\t\t\t\t\t\t\t\t\t\t\t\t\t<\/a>\n\t\t\t\t\t\t\t\t\t\t\t<\/div>\n\t\t\t\t\t\t\t\t\t\t\t\t\t\t\t\t<\/div>\n\t\t\t\t\t\t\t\t<\/div>\n\t\t\t\t\t\t\t\t\t\t\t\t\t\t<div class=\"wd-nav-arrows wd-pos-sep wd-icon-1\">\n\t\t\t<div class=\"wd-btn-arrow wd-prev wd-disabled\">\n\t\t\t\t<div class=\"wd-arrow-inner\"><\/div>\n\t\t\t<\/div>\n\t\t\t<div class=\"wd-btn-arrow wd-next\">\n\t\t\t\t<div class=\"wd-arrow-inner\"><\/div>\n\t\t\t<\/div>\n\t\t<\/div>\n\t\t\t\t\t\t\n\t\t\t\t<\/div>\n\n\t\t\t\t\t\t\t\t\t\t\t\t\t<\/div>\n\t\t\t\t\t\t<\/div>\n\t\t\t\t<\/div>\n\t\t\t\t<\/div>\n\t\t\t\t\t<\/div>\n\t\t\t\t<\/div>\n\t\t\t\t<\/div>\n\t\t","protected":false},"excerpt":{"rendered":"<p>OFFICIAL NK OLIMPIJA PRODUCTS MEN&#8217;S AWAY JERSEY The Olimpija Away Jersey combines innovative design with top-quality materials to ensure maximum<\/p>\n","protected":false},"featured_media":36452,"template":"","meta":{"om_disable_all_campaigns":false,"pagelayer_contact_templates":[],"_pagelayer_content":"","_monsterinsights_skip_tracking":false,"_monsterinsights_sitenote_active":false,"_monsterinsights_sitenote_note":"","_monsterinsights_sitenote_category":0},"product_brand":[],"product_cat":[284,266,267],"product_tag":[],"giftcard-category":[],"class_list":{"0":"post-36473","1":"product","2":"type-product","3":"status-publish","4":"has-post-thumbnail","6":"product_cat-clothing","7":"product_cat-children","8":"product_cat-t-shirts","9":"pa_velikost-4-years","10":"pa_velikost-6-years","11":"pa_velikost-8-years","12":"pa_velikost-10-years","14":"first","15":"instock","16":"sale","17":"taxable","18":"shipping-taxable","19":"purchasable","20":"product-type-variable"},"aioseo_notices":[],"_links":{"self":[{"href":"https:\/\/shop.nkolimpija.si\/en\/wp-json\/wp\/v2\/product\/36473","targetHints":{"allow":["GET"]}}],"collection":[{"href":"https:\/\/shop.nkolimpija.si\/en\/wp-json\/wp\/v2\/product"}],"about":[{"href":"https:\/\/shop.nkolimpija.si\/en\/wp-json\/wp\/v2\/types\/product"}],"version-history":[{"count":3,"href":"https:\/\/shop.nkolimpija.si\/en\/wp-json\/wp\/v2\/product\/36473\/revisions"}],"predecessor-version":[{"id":37023,"href":"https:\/\/shop.nkolimpija.si\/en\/wp-json\/wp\/v2\/product\/36473\/revisions\/37023"}],"wp:featuredmedia":[{"embeddable":true,"href":"https:\/\/shop.nkolimpija.si\/en\/wp-json\/wp\/v2\/media\/36452"}],"wp:attachment":[{"href":"https:\/\/shop.nkolimpija.si\/en\/wp-json\/wp\/v2\/media?parent=36473"}],"wp:term":[{"taxonomy":"product_brand","embeddable":true,"href":"https:\/\/shop.nkolimpija.si\/en\/wp-json\/wp\/v2\/product_brand?post=36473"},{"taxonomy":"product_cat","embeddable":true,"href":"https:\/\/shop.nkolimpija.si\/en\/wp-json\/wp\/v2\/product_cat?post=36473"},{"taxonomy":"product_tag","embeddable":true,"href":"https:\/\/shop.nkolimpija.si\/en\/wp-json\/wp\/v2\/product_tag?post=36473"},{"taxonomy":"giftcard-category","embeddable":true,"href":"https:\/\/shop.nkolimpija.si\/en\/wp-json\/wp\/v2\/giftcard-category?post=36473"}],"curies":[{"name":"wp","href":"https:\/\/api.w.org\/{rel}","templated":true}]}}